{"id":8488,"date":"2020-05-05T14:16:33","date_gmt":"2020-05-05T14:16:33","guid":{"rendered":"https:\/\/sebzelimeyveli.com\/ru\/?page_id=8488"},"modified":"2020-06-29T12:06:38","modified_gmt":"2020-06-29T09:06:38","slug":"mesafeli-satis-sozlesmesi","status":"publish","type":"page","link":"https:\/\/sebzelimeyveli.com\/ru\/mesafeli-satis-sozlesmesi\/","title":{"rendered":"\u041a\u043e\u043d\u0442\u0440\u0430\u043a\u0442 \u043d\u0430 \u0434\u0438\u0441\u0442\u0430\u043d\u0446\u0438\u043e\u043d\u043d\u0443\u044e \u043f\u0440\u043e\u0434\u0430\u0436\u0443"},"content":{"rendered":"<p>[vc_row css=&#8221;.vc_custom_1502868666307{margin-bottom: 30px !important;}&#8221;][vc_column width=&#8221;1\/3&#8243; css=&#8221;.vc_custom_1502868675481{margin-bottom: 20px !important;}&#8221;]\t<div class=\"ts-feature-wrapper  feature-vertical text-default icon-small has-image\">\n\t\t<div class=\"feature-content\" style=\"\">\n\t\t\t<div class=\"feature-wrapper\">\n\t\t\t\t\t\t\t\t\n\t\t\t\t\t\t\t\t\t\n\t\t\t\t\t<a target=\"_blank\" class=\"feature-thumbnail\" href=\"#\" >\n\t\t\t\t\t\t<img loading=\"lazy\" decoding=\"async\" width=\"80\" height=\"80\" src=\"https:\/\/sebzelimeyveli.com\/ru\/wp-content\/uploads\/sites\/4\/2020\/04\/ucretsiz-iade.png\" class=\"img\" alt=\"\" srcset=\"https:\/\/sebzelimeyveli.com\/ru\/wp-content\/uploads\/sites\/4\/2020\/04\/ucretsiz-iade.png 80w, https:\/\/sebzelimeyveli.com\/ru\/wp-content\/uploads\/sites\/4\/2020\/04\/ucretsiz-iade-40x40.png 40w\" sizes=\"auto, (max-width: 80px) 100vw, 80px\" \/> \n\t\t\t\t\t\t<span class=\"overlay\"><\/span>\n\t\t\t\t\t<\/a>\n\t\t\t\t\t\n\t\t\t\t\t\t\t\t\n\t\t\t\t\t<header class=\"feature-header\">\n\t\t\t\t\n\t\t\t\t\t\t\t\t\t\t\t<h3 class=\"feature-title heading-title entry-title\">\n\t\t\t\t\t\t\t<a target=\"_blank\" href=\"#\">\u00dcCRETS\u0130Z \u0130ADE<\/a>\n\t\t\t\t\t\t<\/h3>\n\t\t\t\t\t\t\t\t\t\t\n\t\t\t\t\t\t\t\t\t\t\t<div class=\"feature-excerpt\">\n\t\t\t\t\t\t\tMemnun kalmad\u0131\u011f\u0131n\u0131z \u00fcr\u00fcnler i\u00e7in\t\t\t\t\t\t<\/div>\n\t\t\t\t\t\t\t\t\t\n\t\t\t\t\t<\/header>\n\t\t\t<\/div>\n\t\t<\/div>\n\t<\/div>\n\t[\/vc_column][vc_column width=&#8221;1\/3&#8243; css=&#8221;.vc_custom_1502868681665{margin-bottom: 20px !important;}&#8221;]\t<div class=\"ts-feature-wrapper  feature-vertical text-default icon-small has-image\">\n\t\t<div class=\"feature-content\" style=\"\">\n\t\t\t<div class=\"feature-wrapper\">\n\t\t\t\t\t\t\t\t\n\t\t\t\t\t\t\t\t\t\n\t\t\t\t\t<a target=\"_blank\" class=\"feature-thumbnail\" href=\"#\" >\n\t\t\t\t\t\t<img loading=\"lazy\" decoding=\"async\" width=\"80\" height=\"80\" src=\"https:\/\/sebzelimeyveli.com\/ru\/wp-content\/uploads\/sites\/4\/2020\/04\/ucretsiz-kargo.png\" class=\"img\" alt=\"\" srcset=\"https:\/\/sebzelimeyveli.com\/ru\/wp-content\/uploads\/sites\/4\/2020\/04\/ucretsiz-kargo.png 80w, https:\/\/sebzelimeyveli.com\/ru\/wp-content\/uploads\/sites\/4\/2020\/04\/ucretsiz-kargo-40x40.png 40w\" sizes=\"auto, (max-width: 80px) 100vw, 80px\" \/> \n\t\t\t\t\t\t<span class=\"overlay\"><\/span>\n\t\t\t\t\t<\/a>\n\t\t\t\t\t\n\t\t\t\t\t\t\t\t\n\t\t\t\t\t<header class=\"feature-header\">\n\t\t\t\t\n\t\t\t\t\t\t\t\t\t\t\t<h3 class=\"feature-title heading-title entry-title\">\n\t\t\t\t\t\t\t<a target=\"_blank\" href=\"#\">\u00dcCRETS\u0130Z KARGO<\/a>\n\t\t\t\t\t\t<\/h3>\n\t\t\t\t\t\t\t\t\t\t\n\t\t\t\t\t\t\t\t\t\t\t<div class=\"feature-excerpt\">\n\t\t\t\t\t\t\t50 TL \u00fczerindeki sipari\u015fler i\u00e7in\t\t\t\t\t\t<\/div>\n\t\t\t\t\t\t\t\t\t\n\t\t\t\t\t<\/header>\n\t\t\t<\/div>\n\t\t<\/div>\n\t<\/div>\n\t[\/vc_column][vc_column width=&#8221;1\/3&#8243; css=&#8221;.vc_custom_1502868689225{margin-bottom: 20px !important;}&#8221;]\t<div class=\"ts-feature-wrapper  feature-vertical text-default icon-small has-image\">\n\t\t<div class=\"feature-content\" style=\"\">\n\t\t\t<div class=\"feature-wrapper\">\n\t\t\t\t\t\t\t\t\n\t\t\t\t\t\t\t\t\t\n\t\t\t\t\t<a target=\"_blank\" class=\"feature-thumbnail\" href=\"#\" >\n\t\t\t\t\t\t<img loading=\"lazy\" decoding=\"async\" width=\"80\" height=\"80\" src=\"https:\/\/sebzelimeyveli.com\/ru\/wp-content\/uploads\/sites\/4\/2020\/04\/7-24-destek.png\" class=\"img\" alt=\"\" srcset=\"https:\/\/sebzelimeyveli.com\/ru\/wp-content\/uploads\/sites\/4\/2020\/04\/7-24-destek.png 80w, https:\/\/sebzelimeyveli.com\/ru\/wp-content\/uploads\/sites\/4\/2020\/04\/7-24-destek-40x40.png 40w\" sizes=\"auto, (max-width: 80px) 100vw, 80px\" \/> \n\t\t\t\t\t\t<span class=\"overlay\"><\/span>\n\t\t\t\t\t<\/a>\n\t\t\t\t\t\n\t\t\t\t\t\t\t\t\n\t\t\t\t\t<header class=\"feature-header\">\n\t\t\t\t\n\t\t\t\t\t\t\t\t\t\t\t<h3 class=\"feature-title heading-title entry-title\">\n\t\t\t\t\t\t\t<a target=\"_blank\" href=\"#\">CANLI DESTEK<\/a>\n\t\t\t\t\t\t<\/h3>\n\t\t\t\t\t\t\t\t\t\t\n\t\t\t\t\t\t\t\t\t\t\t<div class=\"feature-excerpt\">\n\t\t\t\t\t\t\tMerak etti\u011finiz her konu i\u00e7in\t\t\t\t\t\t<\/div>\n\t\t\t\t\t\t\t\t\t\n\t\t\t\t\t<\/header>\n\t\t\t<\/div>\n\t\t<\/div>\n\t<\/div>\n\t[\/vc_column][\/vc_row]<\/p>\n","protected":false},"excerpt":{"rendered":"<p>[vc_row css=&#8221;.vc_custom_1502868666307{margin-bottom: 30px !important;}&#8221;][vc_column width=&#8221;1\/3&#8243; css=&#8221;.vc_custom_1502868675481{margin-bottom: 20px !important;}&#8221;][\/vc_column][vc_column width=&#8221;1\/3&#8243; css=&#8221;.vc_custom_1502868681665{margin-bottom: 20px !important;}&#8221;][\/vc_column][vc_column width=&#8221;1\/3&#8243; css=&#8221;.vc_custom_1502868689225{margin-bottom: 20px !important;}&#8221;][\/vc_column][\/vc_row]<\/p>\n","protected":false},"author":2,"featured_media":0,"parent":0,"menu_order":0,"comment_status":"closed","ping_status":"closed","template":"","meta":{"_joinchat":[],"footnotes":""},"class_list":["post-8488","page","type-page","status-publish","hentry"],"_links":{"self":[{"href":"https:\/\/sebzelimeyveli.com\/ru\/wp-json\/wp\/v2\/pages\/8488","targetHints":{"allow":["GET"]}}],"collection":[{"href":"https:\/\/sebzelimeyveli.com\/ru\/wp-json\/wp\/v2\/pages"}],"about":[{"href":"https:\/\/sebzelimeyveli.com\/ru\/wp-json\/wp\/v2\/types\/page"}],"author":[{"embeddable":true,"href":"https:\/\/sebzelimeyveli.com\/ru\/wp-json\/wp\/v2\/users\/2"}],"replies":[{"embeddable":true,"href":"https:\/\/sebzelimeyveli.com\/ru\/wp-json\/wp\/v2\/comments?post=8488"}],"version-history":[{"count":5,"href":"https:\/\/sebzelimeyveli.com\/ru\/wp-json\/wp\/v2\/pages\/8488\/revisions"}],"predecessor-version":[{"id":8798,"href":"https:\/\/sebzelimeyveli.com\/ru\/wp-json\/wp\/v2\/pages\/8488\/revisions\/8798"}],"wp:attachment":[{"href":"https:\/\/sebzelimeyveli.com\/ru\/wp-json\/wp\/v2\/media?parent=8488"}],"curies":[{"name":"wp","href":"https:\/\/api.w.org\/{rel}","templated":true}]}}