{"id":8473,"date":"2020-04-29T13:40:23","date_gmt":"2020-04-29T13:40:23","guid":{"rendered":"https:\/\/sebzelimeyveli.com\/ru\/?page_id=8473"},"modified":"2020-06-29T12:07:50","modified_gmt":"2020-06-29T09:07:50","slug":"sss","status":"publish","type":"page","link":"https:\/\/sebzelimeyveli.com\/ru\/sss\/","title":{"rendered":"\u0427\u0430\u0441\u0442\u043e \u0437\u0430\u0434\u0430\u0432\u0430\u0435\u043c\u044b\u0435 \u0432\u043e\u043f\u0440\u043e\u0441\u044b"},"content":{"rendered":"<p>[vc_row][vc_column][vc_tta_accordion][vc_tta_section title=&#8221;Hangi t\u00fcr \u00f6deme y\u00f6ntemlerini kullan\u0131yorsunuz?&#8221; tab_id=&#8221;accordion001&#8243;][vc_column_text]T\u00fcm kredi kartlar\u0131 ve banka kartlar\u0131yla \u00f6deme yap\u0131labildi\u011fi gibi teslim s\u0131ras\u0131nda nakit olarakta \u00f6deme kabul ediyoruz.[\/vc_column_text][\/vc_tta_section][vc_tta_section title=&#8221;Her \u00fclkeye g\u00f6nderim yap\u0131l\u0131yor mu?&#8221; tab_id=&#8221;accordion002&#8243;][vc_column_text]Yurtd\u0131\u015f\u0131na g\u00f6nderim yapam\u0131yoruz. Ancak T\u00fcrkiye\u2019nin t\u00fcm b\u00f6lgelerine kargoyla g\u00f6nderim sa\u011flayabiliyoruz.[\/vc_column_text][\/vc_tta_section][vc_tta_section title=&#8221;Kupon kodunu nas\u0131l alabilirim?&#8221; tab_id=&#8221;accordion003&#8243;][vc_column_text]Kupon kodlar\u0131n\u0131 sadece belirli d\u00f6nemlerde yapt\u0131\u011f\u0131m\u0131z \u00e7ekili\u015flerle hediye etmekteyiz. Bunun d\u0131\u015f\u0131nda edinebilece\u011finiz bir y\u00f6ntemimiz mevcut de\u011fildir.[\/vc_column_text][\/vc_tta_section][vc_tta_section title=&#8221;Sipari\u015fim ne zaman iletilir?&#8221; tab_id=&#8221;accordion004&#8243;][vc_column_text]Resmi tatil ve haftasonlar\u0131 haricinde haftai\u00e7i her g\u00fcn saat 15.00\u2019a kadar verece\u011finiz sipari\u015fleriniz ayn\u0131 g\u00fcn kargoya teslim edilir. Saat 15.00\u2019dan sonra verdi\u011finiz sipari\u015fler ise bir sonraki i\u015f g\u00fcn\u00fc kargoya teslim edilir.[\/vc_column_text][\/vc_tta_section][vc_tta_section title=&#8221;Sipari\u015f etti\u011fim \u00fcr\u00fcn t\u00fcketilemez durumda geldi. Ne yapmal\u0131y\u0131m?&#8221; tab_id=&#8221;accordion005&#8243;][vc_column_text]G\u00f6nderdi\u011fimiz her \u00fcr\u00fcn, t\u00fcketime uygunlu\u011fu kontrol edildikten sonra iletilmektedir. Ancak teslim ald\u0131\u011f\u0131n\u0131z \u00fcr\u00fcn e\u011fer t\u00fcketilemez durumdaysa bizlere <a href=\"https:\/\/sebzelimeyveli.com\/ru\/iletisim\/\">ileti\u015fim sayfas\u0131ndaki<\/a> bilgilerden ula\u015fabilirsiniz.[\/vc_column_text][\/vc_tta_section][vc_tta_section title=&#8221;Di\u011fer t\u00fcm sorular\u0131n\u0131z i\u00e7in&#8221; tab_id=&#8221;accordion006&#8243;][vc_column_text]Di\u011fer t\u00fcm soru, \u00f6neri ve \u015fikayetleriniz i\u00e7in bizlere <a href=\"https:\/\/sebzelimeyveli.com\/ru\/iletisim\/\">ileti\u015fim sayfam\u0131zda<\/a> yer alan ileti\u015fim bilgilerimizden ula\u015fabilirsiniz.[\/vc_column_text][\/vc_tta_section][\/vc_tta_accordion][\/vc_column][\/vc_row][vc_row][vc_column][vc_column_text]<\/p>\n<p>[\/vc_column_text][\/vc_column][\/vc_row][vc_row css=&#8221;.vc_custom_1502868666307{margin-bottom: 30px !important;}&#8221;][vc_column width=&#8221;1\/3&#8243; css=&#8221;.vc_custom_1502868675481{margin-bottom: 20px !important;}&#8221;]\t<div class=\"ts-feature-wrapper  feature-vertical text-default icon-small has-image\">\n\t\t<div class=\"feature-content\" style=\"\">\n\t\t\t<div class=\"feature-wrapper\">\n\t\t\t\t\t\t\t\t\n\t\t\t\t\t\t\t\t\t\n\t\t\t\t\t<a target=\"_blank\" class=\"feature-thumbnail\" href=\"#\" >\n\t\t\t\t\t\t<img loading=\"lazy\" decoding=\"async\" width=\"80\" height=\"80\" src=\"https:\/\/sebzelimeyveli.com\/ru\/wp-content\/uploads\/sites\/4\/2020\/04\/ucretsiz-iade.png\" class=\"img\" alt=\"\" srcset=\"https:\/\/sebzelimeyveli.com\/ru\/wp-content\/uploads\/sites\/4\/2020\/04\/ucretsiz-iade.png 80w, https:\/\/sebzelimeyveli.com\/ru\/wp-content\/uploads\/sites\/4\/2020\/04\/ucretsiz-iade-40x40.png 40w\" sizes=\"auto, (max-width: 80px) 100vw, 80px\" \/> \n\t\t\t\t\t\t<span class=\"overlay\"><\/span>\n\t\t\t\t\t<\/a>\n\t\t\t\t\t\n\t\t\t\t\t\t\t\t\n\t\t\t\t\t<header class=\"feature-header\">\n\t\t\t\t\n\t\t\t\t\t\t\t\t\t\t\t<h3 class=\"feature-title heading-title entry-title\">\n\t\t\t\t\t\t\t<a target=\"_blank\" href=\"#\">\u00dcCRETS\u0130Z \u0130ADE<\/a>\n\t\t\t\t\t\t<\/h3>\n\t\t\t\t\t\t\t\t\t\t\n\t\t\t\t\t\t\t\t\t\t\t<div class=\"feature-excerpt\">\n\t\t\t\t\t\t\tMemnun kalmad\u0131\u011f\u0131n\u0131z \u00fcr\u00fcnler i\u00e7in\t\t\t\t\t\t<\/div>\n\t\t\t\t\t\t\t\t\t\n\t\t\t\t\t<\/header>\n\t\t\t<\/div>\n\t\t<\/div>\n\t<\/div>\n\t[\/vc_column][vc_column width=&#8221;1\/3&#8243; css=&#8221;.vc_custom_1502868681665{margin-bottom: 20px !important;}&#8221;]\t<div class=\"ts-feature-wrapper  feature-vertical text-default icon-small has-image\">\n\t\t<div class=\"feature-content\" style=\"\">\n\t\t\t<div class=\"feature-wrapper\">\n\t\t\t\t\t\t\t\t\n\t\t\t\t\t\t\t\t\t\n\t\t\t\t\t<a target=\"_blank\" class=\"feature-thumbnail\" href=\"#\" >\n\t\t\t\t\t\t<img loading=\"lazy\" decoding=\"async\" width=\"80\" height=\"80\" src=\"https:\/\/sebzelimeyveli.com\/ru\/wp-content\/uploads\/sites\/4\/2020\/04\/ucretsiz-kargo.png\" class=\"img\" alt=\"\" srcset=\"https:\/\/sebzelimeyveli.com\/ru\/wp-content\/uploads\/sites\/4\/2020\/04\/ucretsiz-kargo.png 80w, https:\/\/sebzelimeyveli.com\/ru\/wp-content\/uploads\/sites\/4\/2020\/04\/ucretsiz-kargo-40x40.png 40w\" sizes=\"auto, (max-width: 80px) 100vw, 80px\" \/> \n\t\t\t\t\t\t<span class=\"overlay\"><\/span>\n\t\t\t\t\t<\/a>\n\t\t\t\t\t\n\t\t\t\t\t\t\t\t\n\t\t\t\t\t<header class=\"feature-header\">\n\t\t\t\t\n\t\t\t\t\t\t\t\t\t\t\t<h3 class=\"feature-title heading-title entry-title\">\n\t\t\t\t\t\t\t<a target=\"_blank\" href=\"#\">\u00dcCRETS\u0130Z KARGO<\/a>\n\t\t\t\t\t\t<\/h3>\n\t\t\t\t\t\t\t\t\t\t\n\t\t\t\t\t\t\t\t\t\t\t<div class=\"feature-excerpt\">\n\t\t\t\t\t\t\t50 TL \u00fczerindeki sipari\u015fler i\u00e7in\t\t\t\t\t\t<\/div>\n\t\t\t\t\t\t\t\t\t\n\t\t\t\t\t<\/header>\n\t\t\t<\/div>\n\t\t<\/div>\n\t<\/div>\n\t[\/vc_column][vc_column width=&#8221;1\/3&#8243; css=&#8221;.vc_custom_1502868689225{margin-bottom: 20px !important;}&#8221;]\t<div class=\"ts-feature-wrapper  feature-vertical text-default icon-small has-image\">\n\t\t<div class=\"feature-content\" style=\"\">\n\t\t\t<div class=\"feature-wrapper\">\n\t\t\t\t\t\t\t\t\n\t\t\t\t\t\t\t\t\t\n\t\t\t\t\t<a target=\"_blank\" class=\"feature-thumbnail\" href=\"#\" >\n\t\t\t\t\t\t<img loading=\"lazy\" decoding=\"async\" width=\"80\" height=\"80\" src=\"https:\/\/sebzelimeyveli.com\/ru\/wp-content\/uploads\/sites\/4\/2020\/04\/7-24-destek.png\" class=\"img\" alt=\"\" srcset=\"https:\/\/sebzelimeyveli.com\/ru\/wp-content\/uploads\/sites\/4\/2020\/04\/7-24-destek.png 80w, https:\/\/sebzelimeyveli.com\/ru\/wp-content\/uploads\/sites\/4\/2020\/04\/7-24-destek-40x40.png 40w\" sizes=\"auto, (max-width: 80px) 100vw, 80px\" \/> \n\t\t\t\t\t\t<span class=\"overlay\"><\/span>\n\t\t\t\t\t<\/a>\n\t\t\t\t\t\n\t\t\t\t\t\t\t\t\n\t\t\t\t\t<header class=\"feature-header\">\n\t\t\t\t\n\t\t\t\t\t\t\t\t\t\t\t<h3 class=\"feature-title heading-title entry-title\">\n\t\t\t\t\t\t\t<a target=\"_blank\" href=\"#\">CANLI DESTEK<\/a>\n\t\t\t\t\t\t<\/h3>\n\t\t\t\t\t\t\t\t\t\t\n\t\t\t\t\t\t\t\t\t\t\t<div class=\"feature-excerpt\">\n\t\t\t\t\t\t\tMerak etti\u011finiz her konu i\u00e7in\t\t\t\t\t\t<\/div>\n\t\t\t\t\t\t\t\t\t\n\t\t\t\t\t<\/header>\n\t\t\t<\/div>\n\t\t<\/div>\n\t<\/div>\n\t[\/vc_column][\/vc_row]<\/p>\n","protected":false},"excerpt":{"rendered":"<p>[vc_row][vc_column][vc_tta_accordion][vc_tta_section title=&#8221;Hangi t\u00fcr \u00f6deme y\u00f6ntemlerini kullan\u0131yorsunuz?&#8221; tab_id=&#8221;accordion001&#8243;][vc_column_text]T\u00fcm kredi kartlar\u0131 ve banka kartlar\u0131yla \u00f6deme yap\u0131labildi\u011fi gibi teslim s\u0131ras\u0131nda nakit olarakta \u00f6deme kabul ediyoruz.[\/vc_column_text][\/vc_tta_section][vc_tta_section title=&#8221;Her \u00fclkeye g\u00f6nderim yap\u0131l\u0131yor mu?&#8221; tab_id=&#8221;accordion002&#8243;][vc_column_text]Yurtd\u0131\u015f\u0131na g\u00f6nderim yapam\u0131yoruz. Ancak T\u00fcrkiye\u2019nin t\u00fcm b\u00f6lgelerine kargoyla g\u00f6nderim sa\u011flayabiliyoruz.[\/vc_column_text][\/vc_tta_section][vc_tta_section title=&#8221;Kupon kodunu nas\u0131l alabilirim?&#8221; tab_id=&#8221;accordion003&#8243;][vc_column_text]Kupon kodlar\u0131n\u0131 sadece belirli d\u00f6nemlerde yapt\u0131\u011f\u0131m\u0131z \u00e7ekili\u015flerle hediye etmekteyiz. Bunun d\u0131\u015f\u0131nda edinebilece\u011finiz bir y\u00f6ntemimiz [&hellip;]<\/p>\n","protected":false},"author":2,"featured_media":0,"parent":0,"menu_order":0,"comment_status":"closed","ping_status":"closed","template":"","meta":{"_joinchat":[],"footnotes":""},"class_list":["post-8473","page","type-page","status-publish","hentry"],"_links":{"self":[{"href":"https:\/\/sebzelimeyveli.com\/ru\/wp-json\/wp\/v2\/pages\/8473","targetHints":{"allow":["GET"]}}],"collection":[{"href":"https:\/\/sebzelimeyveli.com\/ru\/wp-json\/wp\/v2\/pages"}],"about":[{"href":"https:\/\/sebzelimeyveli.com\/ru\/wp-json\/wp\/v2\/types\/page"}],"author":[{"embeddable":true,"href":"https:\/\/sebzelimeyveli.com\/ru\/wp-json\/wp\/v2\/users\/2"}],"replies":[{"embeddable":true,"href":"https:\/\/sebzelimeyveli.com\/ru\/wp-json\/wp\/v2\/comments?post=8473"}],"version-history":[{"count":6,"href":"https:\/\/sebzelimeyveli.com\/ru\/wp-json\/wp\/v2\/pages\/8473\/revisions"}],"predecessor-version":[{"id":8800,"href":"https:\/\/sebzelimeyveli.com\/ru\/wp-json\/wp\/v2\/pages\/8473\/revisions\/8800"}],"wp:attachment":[{"href":"https:\/\/sebzelimeyveli.com\/ru\/wp-json\/wp\/v2\/media?parent=8473"}],"curies":[{"name":"wp","href":"https:\/\/api.w.org\/{rel}","templated":true}]}}