{"id":1613,"date":"2015-02-03T14:49:09","date_gmt":"2015-02-03T14:49:09","guid":{"rendered":"http:\/\/sebzelimeyveli.com\/ru\/?page_id=1613"},"modified":"2020-06-29T12:09:06","modified_gmt":"2020-06-29T09:09:06","slug":"iletisim","status":"publish","type":"page","link":"https:\/\/sebzelimeyveli.com\/ru\/iletisim\/","title":{"rendered":"\u043a\u043e\u043d\u0442\u0430\u043a\u0442"},"content":{"rendered":"<p>[vc_row css=&#8221;.vc_custom_1478007643581{padding-top: 26px !important;}&#8221;][vc_column][vc_column_text]<\/p>\n<h3 class=\"title-bottom-line\" style=\"font-weight: bold; color: #000000; text-align: center;\">\u0130LET\u0130\u015e\u0130ME GE\u00c7\u0130N<\/h3>\n<p style=\"text-align: center;\">Bizlere \u00fcr\u00fcnlerimiz, kargo s\u00fcrecimiz ve di\u011fer her konu hakk\u0131nda sorular\u0131n\u0131z\u0131 iletebilir, istek ve g\u00f6r\u00fc\u015flerinizi payla\u015fabilirsiniz.<\/p>\n<p>[\/vc_column_text][vc_row_inner css=&#8221;.vc_custom_1478053234990{padding-top: 30px !important;}&#8221;][vc_column_inner width=&#8221;1\/3&#8243;][vc_column_text]<\/p>\n<div class=\"office-address primary-text\" style=\"text-align: center;\">ADRES<\/div>\n<p style=\"text-align: center;\">Bah\u00e7elievler Mah. Mehtap Sk. Mehtap Apt. NO:15 \u0130\u00e7 Kap\u0131 No:13 Bah\u00e7elievler\/\u0130STANBUL<\/p>\n<p>[\/vc_column_text][\/vc_column_inner][vc_column_inner width=&#8221;1\/3&#8243;][vc_column_text]<\/p>\n<div class=\"phone-numbers primary-text\" style=\"text-align: center;\">TELEFON<\/div>\n<p class=\"text-color-default\" style=\"text-align: center;\"><a href=\"tel:+902126409690\">0 (212) 640 96 90<\/a><\/p>\n<p>[\/vc_column_text][\/vc_column_inner][vc_column_inner width=&#8221;1\/3&#8243;][vc_column_text]<\/p>\n<div class=\"email-address primary-text\" style=\"text-align: center;\">E-POSTA ADRES\u0130<\/div>\n<p style=\"text-align: center;\"><a href=\"mailto:info@sebzelimeyveli.com\">info@sebzelimeyveli.com<\/a><\/p>\n<p>[\/vc_column_text][\/vc_column_inner][\/vc_row_inner]\n<div class=\"wpcf7 no-js\" id=\"wpcf7-f17-o1\" lang=\"en-US\" dir=\"ltr\" data-wpcf7-id=\"17\">\n<div class=\"screen-reader-response\"><p role=\"status\" aria-live=\"polite\" aria-atomic=\"true\"><\/p> <ul><\/ul><\/div>\n<form action=\"\/ru\/wp-json\/wp\/v2\/pages\/1613#wpcf7-f17-o1\" method=\"post\" class=\"wpcf7-form init\" aria-label=\"Contact form\" novalidate=\"novalidate\" data-status=\"init\">\n<div style=\"display: none;\">\n<input type=\"hidden\" name=\"_wpcf7\" value=\"17\" \/>\n<input type=\"hidden\" name=\"_wpcf7_version\" value=\"6.0.6\" \/>\n<input type=\"hidden\" name=\"_wpcf7_locale\" value=\"en_US\" \/>\n<input type=\"hidden\" name=\"_wpcf7_unit_tag\" value=\"wpcf7-f17-o1\" \/>\n<input type=\"hidden\" name=\"_wpcf7_container_post\" value=\"0\" \/>\n<input type=\"hidden\" name=\"_wpcf7_posted_data_hash\" value=\"\" \/>\n<\/div>\n<div class=\"contact-form\">\n\t<div class=\"col-1\">\n\t\t<p><label>Ad\u0131n\u0131z <span class=\"required\">*<\/span><\/label><span class=\"wpcf7-form-control-wrap\" data-name=\"your-name\"><input size=\"40\" maxlength=\"400\" class=\"wpcf7-form-control wpcf7-text wpcf7-validates-as-required\" aria-required=\"true\" aria-invalid=\"false\" value=\"\" type=\"text\" name=\"your-name\" \/><\/span>\n\t\t<\/p>\n\t\t<p><label>E-Posta Adresiniz <span class=\"required\">*<\/span><\/label><span class=\"wpcf7-form-control-wrap\" data-name=\"your-email\"><input size=\"40\" maxlength=\"400\" class=\"wpcf7-form-control wpcf7-email wpcf7-validates-as-required wpcf7-text wpcf7-validates-as-email\" aria-required=\"true\" aria-invalid=\"false\" value=\"\" type=\"email\" name=\"your-email\" \/><\/span>\n\t\t<\/p>\n\t\t<p><label>Konu<\/label><span class=\"wpcf7-form-control-wrap\" data-name=\"your-subject\"><input size=\"40\" maxlength=\"400\" class=\"wpcf7-form-control wpcf7-text\" aria-invalid=\"false\" value=\"\" type=\"text\" name=\"your-subject\" \/><\/span>\n\t\t<\/p>\n\t<\/div>\n\t<div class=\"col-2\">\n\t\t<p><label>Mesaj\u0131n\u0131z<\/label><span class=\"wpcf7-form-control-wrap\" data-name=\"your-message\"><textarea cols=\"40\" rows=\"10\" maxlength=\"2000\" class=\"wpcf7-form-control wpcf7-textarea\" aria-invalid=\"false\" name=\"your-message\"><\/textarea><\/span>\n\t\t<\/p>\n\t<\/div>\n\t<div class=\"sumbit-contact\">\n\t\t<p><input class=\"wpcf7-form-control wpcf7-submit has-spinner\" type=\"submit\" value=\"G\u00f6nder\" \/>\n\t\t<\/p>\n\t<\/div>\n<\/div><div class=\"wpcf7-response-output\" aria-hidden=\"true\"><\/div>\n<\/form>\n<\/div>\n[\/vc_column][\/vc_row][vc_row css=&#8221;.vc_custom_1502868666307{margin-bottom: 30px !important;}&#8221;][vc_column width=&#8221;1\/3&#8243; css=&#8221;.vc_custom_1502868675481{margin-bottom: 20px !important;}&#8221;]\t<div class=\"ts-feature-wrapper  feature-vertical text-default icon-small has-image\">\n\t\t<div class=\"feature-content\" style=\"\">\n\t\t\t<div class=\"feature-wrapper\">\n\t\t\t\t\t\t\t\t\n\t\t\t\t\t\t\t\t\t\n\t\t\t\t\t<a target=\"_blank\" class=\"feature-thumbnail\" href=\"#\" >\n\t\t\t\t\t\t<img loading=\"lazy\" decoding=\"async\" width=\"80\" height=\"80\" src=\"https:\/\/sebzelimeyveli.com\/ru\/wp-content\/uploads\/sites\/4\/2020\/04\/ucretsiz-iade.png\" class=\"img\" alt=\"\" srcset=\"https:\/\/sebzelimeyveli.com\/ru\/wp-content\/uploads\/sites\/4\/2020\/04\/ucretsiz-iade.png 80w, https:\/\/sebzelimeyveli.com\/ru\/wp-content\/uploads\/sites\/4\/2020\/04\/ucretsiz-iade-40x40.png 40w\" sizes=\"auto, (max-width: 80px) 100vw, 80px\" \/> \n\t\t\t\t\t\t<span class=\"overlay\"><\/span>\n\t\t\t\t\t<\/a>\n\t\t\t\t\t\n\t\t\t\t\t\t\t\t\n\t\t\t\t\t<header class=\"feature-header\">\n\t\t\t\t\n\t\t\t\t\t\t\t\t\t\t\t<h3 class=\"feature-title heading-title entry-title\">\n\t\t\t\t\t\t\t<a target=\"_blank\" href=\"#\">\u00dcCRETS\u0130Z \u0130ADE<\/a>\n\t\t\t\t\t\t<\/h3>\n\t\t\t\t\t\t\t\t\t\t\n\t\t\t\t\t\t\t\t\t\t\t<div class=\"feature-excerpt\">\n\t\t\t\t\t\t\tMemnun kalmad\u0131\u011f\u0131n\u0131z \u00fcr\u00fcnler i\u00e7in\t\t\t\t\t\t<\/div>\n\t\t\t\t\t\t\t\t\t\n\t\t\t\t\t<\/header>\n\t\t\t<\/div>\n\t\t<\/div>\n\t<\/div>\n\t[\/vc_column][vc_column width=&#8221;1\/3&#8243; css=&#8221;.vc_custom_1502868681665{margin-bottom: 20px !important;}&#8221;]\t<div class=\"ts-feature-wrapper  feature-vertical text-default icon-small has-image\">\n\t\t<div class=\"feature-content\" style=\"\">\n\t\t\t<div class=\"feature-wrapper\">\n\t\t\t\t\t\t\t\t\n\t\t\t\t\t\t\t\t\t\n\t\t\t\t\t<a target=\"_blank\" class=\"feature-thumbnail\" href=\"#\" >\n\t\t\t\t\t\t<img loading=\"lazy\" decoding=\"async\" width=\"80\" height=\"80\" src=\"https:\/\/sebzelimeyveli.com\/ru\/wp-content\/uploads\/sites\/4\/2020\/04\/ucretsiz-kargo.png\" class=\"img\" alt=\"\" srcset=\"https:\/\/sebzelimeyveli.com\/ru\/wp-content\/uploads\/sites\/4\/2020\/04\/ucretsiz-kargo.png 80w, https:\/\/sebzelimeyveli.com\/ru\/wp-content\/uploads\/sites\/4\/2020\/04\/ucretsiz-kargo-40x40.png 40w\" sizes=\"auto, (max-width: 80px) 100vw, 80px\" \/> \n\t\t\t\t\t\t<span class=\"overlay\"><\/span>\n\t\t\t\t\t<\/a>\n\t\t\t\t\t\n\t\t\t\t\t\t\t\t\n\t\t\t\t\t<header class=\"feature-header\">\n\t\t\t\t\n\t\t\t\t\t\t\t\t\t\t\t<h3 class=\"feature-title heading-title entry-title\">\n\t\t\t\t\t\t\t<a target=\"_blank\" href=\"#\">\u00dcCRETS\u0130Z KARGO<\/a>\n\t\t\t\t\t\t<\/h3>\n\t\t\t\t\t\t\t\t\t\t\n\t\t\t\t\t\t\t\t\t\t\t<div class=\"feature-excerpt\">\n\t\t\t\t\t\t\t50 TL \u00fczerindeki sipari\u015fler i\u00e7in\t\t\t\t\t\t<\/div>\n\t\t\t\t\t\t\t\t\t\n\t\t\t\t\t<\/header>\n\t\t\t<\/div>\n\t\t<\/div>\n\t<\/div>\n\t[\/vc_column][vc_column width=&#8221;1\/3&#8243; css=&#8221;.vc_custom_1502868689225{margin-bottom: 20px !important;}&#8221;]\t<div class=\"ts-feature-wrapper  feature-vertical text-default icon-small has-image\">\n\t\t<div class=\"feature-content\" style=\"\">\n\t\t\t<div class=\"feature-wrapper\">\n\t\t\t\t\t\t\t\t\n\t\t\t\t\t\t\t\t\t\n\t\t\t\t\t<a target=\"_blank\" class=\"feature-thumbnail\" href=\"#\" >\n\t\t\t\t\t\t<img loading=\"lazy\" decoding=\"async\" width=\"80\" height=\"80\" src=\"https:\/\/sebzelimeyveli.com\/ru\/wp-content\/uploads\/sites\/4\/2020\/04\/7-24-destek.png\" class=\"img\" alt=\"\" srcset=\"https:\/\/sebzelimeyveli.com\/ru\/wp-content\/uploads\/sites\/4\/2020\/04\/7-24-destek.png 80w, https:\/\/sebzelimeyveli.com\/ru\/wp-content\/uploads\/sites\/4\/2020\/04\/7-24-destek-40x40.png 40w\" sizes=\"auto, (max-width: 80px) 100vw, 80px\" \/> \n\t\t\t\t\t\t<span class=\"overlay\"><\/span>\n\t\t\t\t\t<\/a>\n\t\t\t\t\t\n\t\t\t\t\t\t\t\t\n\t\t\t\t\t<header class=\"feature-header\">\n\t\t\t\t\n\t\t\t\t\t\t\t\t\t\t\t<h3 class=\"feature-title heading-title entry-title\">\n\t\t\t\t\t\t\t<a target=\"_blank\" href=\"#\">CANLI DESTEK<\/a>\n\t\t\t\t\t\t<\/h3>\n\t\t\t\t\t\t\t\t\t\t\n\t\t\t\t\t\t\t\t\t\t\t<div class=\"feature-excerpt\">\n\t\t\t\t\t\t\tMerak etti\u011finiz her konu i\u00e7in\t\t\t\t\t\t<\/div>\n\t\t\t\t\t\t\t\t\t\n\t\t\t\t\t<\/header>\n\t\t\t<\/div>\n\t\t<\/div>\n\t<\/div>\n\t[\/vc_column][\/vc_row]<\/p>\n","protected":false},"excerpt":{"rendered":"<p>[vc_row css=&#8221;.vc_custom_1478007643581{padding-top: 26px !important;}&#8221;][vc_column][vc_column_text] \u0130LET\u0130\u015e\u0130ME GE\u00c7\u0130N Bizlere \u00fcr\u00fcnlerimiz, kargo s\u00fcrecimiz ve di\u011fer her konu hakk\u0131nda sorular\u0131n\u0131z\u0131 iletebilir, istek ve g\u00f6r\u00fc\u015flerinizi payla\u015fabilirsiniz. [\/vc_column_text][vc_row_inner css=&#8221;.vc_custom_1478053234990{padding-top: 30px !important;}&#8221;][vc_column_inner width=&#8221;1\/3&#8243;][vc_column_text] ADRES Bah\u00e7elievler Mah. Mehtap Sk. Mehtap Apt. NO:15 \u0130\u00e7 Kap\u0131 No:13 Bah\u00e7elievler\/\u0130STANBUL [\/vc_column_text][\/vc_column_inner][vc_column_inner width=&#8221;1\/3&#8243;][vc_column_text] TELEFON 0 (212) 640 96 90 [\/vc_column_text][\/vc_column_inner][vc_column_inner width=&#8221;1\/3&#8243;][vc_column_text] E-POSTA ADRES\u0130 info@sebzelimeyveli.com [\/vc_column_text][\/vc_column_inner][\/vc_row_inner][\/vc_column][\/vc_row][vc_row css=&#8221;.vc_custom_1502868666307{margin-bottom: 30px !important;}&#8221;][vc_column [&hellip;]<\/p>\n","protected":false},"author":1,"featured_media":0,"parent":0,"menu_order":0,"comment_status":"closed","ping_status":"closed","template":"","meta":{"_joinchat":[],"footnotes":""},"class_list":["post-1613","page","type-page","status-publish","hentry"],"_links":{"self":[{"href":"https:\/\/sebzelimeyveli.com\/ru\/wp-json\/wp\/v2\/pages\/1613","targetHints":{"allow":["GET"]}}],"collection":[{"href":"https:\/\/sebzelimeyveli.com\/ru\/wp-json\/wp\/v2\/pages"}],"about":[{"href":"https:\/\/sebzelimeyveli.com\/ru\/wp-json\/wp\/v2\/types\/page"}],"author":[{"embeddable":true,"href":"https:\/\/sebzelimeyveli.com\/ru\/wp-json\/wp\/v2\/users\/1"}],"replies":[{"embeddable":true,"href":"https:\/\/sebzelimeyveli.com\/ru\/wp-json\/wp\/v2\/comments?post=1613"}],"version-history":[{"count":14,"href":"https:\/\/sebzelimeyveli.com\/ru\/wp-json\/wp\/v2\/pages\/1613\/revisions"}],"predecessor-version":[{"id":8802,"href":"https:\/\/sebzelimeyveli.com\/ru\/wp-json\/wp\/v2\/pages\/1613\/revisions\/8802"}],"wp:attachment":[{"href":"https:\/\/sebzelimeyveli.com\/ru\/wp-json\/wp\/v2\/media?parent=1613"}],"curies":[{"name":"wp","href":"https:\/\/api.w.org\/{rel}","templated":true}]}}